{"id":883,"date":"2023-04-22T17:37:03","date_gmt":"2023-04-22T14:37:03","guid":{"rendered":"https:\/\/canmatematik.com\/?page_id=883"},"modified":"2023-07-29T12:31:04","modified_gmt":"2023-07-29T09:31:04","slug":"akliniza-takilanlar-merak-ettikleriniz","status":"publish","type":"page","link":"https:\/\/canmatematik.com\/?page_id=883","title":{"rendered":"Akl\u0131n\u0131za Tak\u0131lanlar"},"content":{"rendered":"\t\t<div data-elementor-type=\"wp-page\" data-elementor-id=\"883\" class=\"elementor elementor-883\">\n\t\t\t\t\t\t<section class=\"elementor-section elementor-top-section elementor-element elementor-element-2748b50 elementor-section-boxed elementor-section-height-default elementor-section-height-default\" data-id=\"2748b50\" data-element_type=\"section\" data-e-type=\"section\">\n\t\t\t\t\t\t<div class=\"elementor-container elementor-column-gap-default\">\n\t\t\t\t\t<div class=\"elementor-column elementor-col-50 elementor-top-column elementor-element elementor-element-4e6ccee\" data-id=\"4e6ccee\" data-element_type=\"column\" data-e-type=\"column\">\n\t\t\t<div class=\"elementor-widget-wrap elementor-element-populated\">\n\t\t\t\t\t\t<div class=\"elementor-element elementor-element-54bb39f elementor-position-top elementor-widget elementor-widget-image-box\" data-id=\"54bb39f\" data-element_type=\"widget\" data-e-type=\"widget\" data-widget_type=\"image-box.default\">\n\t\t\t\t<div class=\"elementor-widget-container\">\n\t\t\t\t\t<div class=\"elementor-image-box-wrapper\"><figure class=\"elementor-image-box-img\"><img decoding=\"async\" src=\"https:\/\/canmatematik.com\/wp-content\/uploads\/elementor\/thumbs\/saat-qa4arkj4gafgwojit34ykcabvxc6lu76uutjhxhx7g.png\" title=\"saat\" alt=\"saat\" loading=\"lazy\" \/><\/figure><div class=\"elementor-image-box-content\"><h3 class=\"elementor-image-box-title\">S\u00dcRE TUTMADAN \u0130\u015eLENEN DERS NED\u0130R ?<\/h3><p class=\"elementor-image-box-description\">Can Matematikte derslerin bir s\u00fcre s\u0131n\u0131r\u0131 yoktur. Dersler, \u00f6\u011frenci konuyu anlayana ve soru \u00e7\u00f6zmeye haz\u0131r hale gelene kadar devam eder. Dersin bitimine e\u011fitmen ve \u00f6\u011frenci beraber karar verir. T\u0131pk\u0131 telefon g\u00f6r\u00fc\u015fmelerinde oldu\u011fu gibi. Konu anla\u015f\u0131lm\u0131\u015f ve diyalog tamamlanm\u0131\u015f olur. Can Matematikte monolog , tek taraf\u0131n konu\u015ftu\u011fu dersler g\u00f6remezsiniz. Can Matematikte dersler diyalog \u015feklinde, interaktif ger\u00e7ekle\u015fir. <\/p><\/div><\/div>\t\t\t\t<\/div>\n\t\t\t\t<\/div>\n\t\t\t\t\t<\/div>\n\t\t<\/div>\n\t\t\t\t<div class=\"elementor-column elementor-col-50 elementor-top-column elementor-element elementor-element-dea6f40\" data-id=\"dea6f40\" data-element_type=\"column\" data-e-type=\"column\">\n\t\t\t<div class=\"elementor-widget-wrap elementor-element-populated\">\n\t\t\t\t\t\t<div class=\"elementor-element elementor-element-274a438 elementor-position-top elementor-widget elementor-widget-image-box\" data-id=\"274a438\" data-element_type=\"widget\" data-e-type=\"widget\" data-widget_type=\"image-box.default\">\n\t\t\t\t<div class=\"elementor-widget-container\">\n\t\t\t\t\t<div class=\"elementor-image-box-wrapper\"><figure class=\"elementor-image-box-img\"><img fetchpriority=\"high\" decoding=\"async\" width=\"1127\" height=\"888\" src=\"https:\/\/canmatematik.com\/wp-content\/uploads\/2023\/07\/6-1.png\" class=\"attachment-full size-full wp-image-1218\" alt=\"\" srcset=\"https:\/\/canmatematik.com\/wp-content\/uploads\/2023\/07\/6-1.png 1127w, https:\/\/canmatematik.com\/wp-content\/uploads\/2023\/07\/6-1-300x236.png 300w, https:\/\/canmatematik.com\/wp-content\/uploads\/2023\/07\/6-1-1024x807.png 1024w, https:\/\/canmatematik.com\/wp-content\/uploads\/2023\/07\/6-1-768x605.png 768w, https:\/\/canmatematik.com\/wp-content\/uploads\/2023\/07\/6-1-850x670.png 850w\" sizes=\"(max-width: 1127px) 100vw, 1127px\" \/><\/figure><div class=\"elementor-image-box-content\"><h3 class=\"elementor-image-box-title\">GENEL B\u0130LG\u0130LER<\/h3><p class=\"elementor-image-box-description\"><p>Derslerimiz&nbsp;<strong>online<\/strong>&nbsp;ve&nbsp;<strong>canl\u0131 olarak<\/strong>&nbsp;verilir.<\/p><p>\u00d6\u011frencimiz i\u00e7in&nbsp;<strong>en uygun \u00f6\u011fretmenler<\/strong>&nbsp;belirlenir.<\/p><p><strong>Ortaokul<\/strong>&nbsp;ve<strong>&nbsp;Lise<\/strong>&nbsp;d\u00fczeyinde e\u011fitimler veririz.Dersleri <strong>birebir<\/strong>&nbsp;yapar\u0131z.<\/p><span style=\"font-size: 1rem\">D\u00fczenli&nbsp;<\/span><strong style=\"font-size: 1rem\">\u00f6dev<\/strong><span style=\"font-size: 1rem\">&nbsp;takibi ve&nbsp;<\/span><strong style=\"font-size: 1rem\">raporlamalar<\/strong><span style=\"font-size: 1rem\">&nbsp;yapar\u0131z.<\/span><\/p><\/div><\/div>\t\t\t\t<\/div>\n\t\t\t\t<\/div>\n\t\t\t\t\t<\/div>\n\t\t<\/div>\n\t\t\t\t\t<\/div>\n\t\t<\/section>\n\t\t\t\t<section class=\"elementor-section elementor-top-section elementor-element elementor-element-2d8e6f0 elementor-section-boxed elementor-section-height-default elementor-section-height-default\" data-id=\"2d8e6f0\" data-element_type=\"section\" data-e-type=\"section\">\n\t\t\t\t\t\t<div class=\"elementor-container elementor-column-gap-default\">\n\t\t\t\t\t<div class=\"elementor-column elementor-col-50 elementor-top-column elementor-element elementor-element-aad15ea\" data-id=\"aad15ea\" data-element_type=\"column\" data-e-type=\"column\">\n\t\t\t<div class=\"elementor-widget-wrap elementor-element-populated\">\n\t\t\t\t\t\t<div class=\"elementor-element elementor-element-78a1e05 elementor-position-top elementor-widget elementor-widget-image-box\" data-id=\"78a1e05\" data-element_type=\"widget\" data-e-type=\"widget\" data-widget_type=\"image-box.default\">\n\t\t\t\t<div class=\"elementor-widget-container\">\n\t\t\t\t\t<div class=\"elementor-image-box-wrapper\"><figure class=\"elementor-image-box-img\"><img decoding=\"async\" src=\"https:\/\/canmatematik.com\/wp-content\/uploads\/elementor\/thumbs\/b2-qa4bai0436ccpz1n9rpha2bika1amecl4jskfjfhwc.png\" title=\"b2\" alt=\"b2\" loading=\"lazy\" \/><\/figure><div class=\"elementor-image-box-content\"><h3 class=\"elementor-image-box-title\">S\u00dcRE\u00c7 NASIL \u0130LERL\u0130YOR <\/h3><p class=\"elementor-image-box-description\"><span style=\"font-family: Roboto, sans-serif;text-align: left\"> Veli , \u00f6\u011fretmen belirlenmesini istedi\u011finde \u00f6\u011frenci aday\u0131m\u0131z ad\u0131na<\/span><span style=\"font-weight: bolder;font-family: Roboto, sans-serif;text-align: left\">&nbsp;akademik<\/span><span style=\"font-family: Roboto, sans-serif;text-align: left\">&nbsp;ve&nbsp;<\/span><span style=\"font-weight: bolder;font-family: Roboto, sans-serif;text-align: left\">pedagojik<\/span><span style=\"font-family: Roboto, sans-serif;text-align: left\">&nbsp;bilgiler al\u0131n\u0131r. Bu bilgiler \u0131\u015f\u0131\u011f\u0131nda \u00f6\u011frencimiz i\u00e7in en uygun e\u011fitmen belirlenir. Veli , istedi\u011fi e\u011fitmenden de e\u011fitim almaya ba\u015flayabilir. E\u011fitmen ile ilk g\u00f6r\u00fc\u015fme&nbsp;<\/span><span style=\"font-weight: bolder;font-family: Roboto, sans-serif;text-align: left\">telefonda&nbsp;<\/span><span style=\"font-family: Roboto, sans-serif;text-align: left\">&nbsp;yap\u0131l\u0131r. E\u011fitmenlerimiz, \u00f6\u011frencilerini ilk derslerinde akademik olarak analiz eder ve bunun \u00e7er\u00e7evesinde haftal\u0131k \u00e7al\u0131\u015fma ve ders program\u0131 belirlerler.<\/span><\/p><\/div><\/div>\t\t\t\t<\/div>\n\t\t\t\t<\/div>\n\t\t\t\t\t<\/div>\n\t\t<\/div>\n\t\t\t\t<div class=\"elementor-column elementor-col-50 elementor-top-column elementor-element elementor-element-f5baa35\" data-id=\"f5baa35\" data-element_type=\"column\" data-e-type=\"column\">\n\t\t\t<div class=\"elementor-widget-wrap elementor-element-populated\">\n\t\t\t\t\t\t<div class=\"elementor-element elementor-element-b680456 elementor-position-top elementor-widget elementor-widget-image-box\" data-id=\"b680456\" data-element_type=\"widget\" data-e-type=\"widget\" data-widget_type=\"image-box.default\">\n\t\t\t\t<div class=\"elementor-widget-container\">\n\t\t\t\t\t<div class=\"elementor-image-box-wrapper\"><figure class=\"elementor-image-box-img\"><img decoding=\"async\" src=\"https:\/\/canmatematik.com\/wp-content\/uploads\/elementor\/thumbs\/b3-qa4bgefmzqf5luh2tbj5xkpotcy8xzrx9r8aw2oiu4.png\" title=\"b3\" alt=\"b3\" loading=\"lazy\" \/><\/figure><div class=\"elementor-image-box-content\"><h3 class=\"elementor-image-box-title\">\u0130STED\u0130\u011e\u0130M KONUDAN DERS ALAB\u0130L\u0130R M\u0130Y\u0130M <\/h3><p class=\"elementor-image-box-description\"><div class=\"wp-block-aioseo-faq\" data-schema-only=\"false\" style=\"font-family: Roboto, sans-serif;text-align: left\"><div class=\"aioseo-faq-block-answer\"><p>Tabi ki. A\u00e7\u0131k b\u00fcfe kahvalt\u0131 sistemi gibi d\u00fc\u015f\u00fcnebilirsiniz. \u0130stedi\u011finizi alabiliyorsunuz taba\u011f\u0131n\u0131za. Unutmay\u0131n, temelde eksikleriniz var ise ders alaca\u011f\u0131n\u0131z zaman e\u011fitmenimiz sizi bu konuda uyaracakt\u0131r. Kabul edip etmemek size ba\u011fl\u0131.<\/p><div><br><\/div><\/div><\/div><\/p><\/div><\/div>\t\t\t\t<\/div>\n\t\t\t\t<\/div>\n\t\t\t\t\t<\/div>\n\t\t<\/div>\n\t\t\t\t\t<\/div>\n\t\t<\/section>\n\t\t\t\t<section class=\"elementor-section elementor-top-section elementor-element elementor-element-2646a2e elementor-section-boxed elementor-section-height-default elementor-section-height-default\" data-id=\"2646a2e\" data-element_type=\"section\" data-e-type=\"section\">\n\t\t\t\t\t\t<div class=\"elementor-container elementor-column-gap-default\">\n\t\t\t\t\t<div class=\"elementor-column elementor-col-50 elementor-top-column elementor-element elementor-element-fbf87c3\" data-id=\"fbf87c3\" data-element_type=\"column\" data-e-type=\"column\">\n\t\t\t<div class=\"elementor-widget-wrap elementor-element-populated\">\n\t\t\t\t\t\t<div class=\"elementor-element elementor-element-3744b3b elementor-position-top elementor-widget elementor-widget-image-box\" data-id=\"3744b3b\" data-element_type=\"widget\" data-e-type=\"widget\" data-widget_type=\"image-box.default\">\n\t\t\t\t<div class=\"elementor-widget-container\">\n\t\t\t\t\t<div class=\"elementor-image-box-wrapper\"><figure class=\"elementor-image-box-img\"><img decoding=\"async\" src=\"https:\/\/canmatematik.com\/wp-content\/uploads\/elementor\/thumbs\/B4-qa4blc35hckkd5dw7er8kvazluqfonz1w2tno2lq6o.png\" title=\"B4\" alt=\"B4\" loading=\"lazy\" \/><\/figure><div class=\"elementor-image-box-content\"><h3 class=\"elementor-image-box-title\">E\u011e\u0130TMENLER K\u0130M ?<\/h3><p class=\"elementor-image-box-description\">E\u011fitmenler , donan\u0131ml\u0131 \u00fcniversite \u00f6\u011frencilerinden olu\u015fur.  B\u00f6l\u00fcm olarak  ;  EE , CE , \u0130E , Matematik , Matematik \u00d6\u011fretmenli\u011fi , \u0130statistik ve Matematik Olimpiyatlar\u0131nda yer alan \u00dcniversite 2 -3- 4 ve Y\u00fcksek lisans \u00f6\u011frencilerinden olu\u015fmaktad\u0131r. T\u00fcm kadromuz \u00fcniversite \u00f6\u011frencilerinden olu\u015fur. Ekibimize yeni dahil etti\u011fimiz ve edece\u011fimiz e\u011fitmenlerde  yine ayn\u0131 profile sahip olur.<\/p><\/div><\/div>\t\t\t\t<\/div>\n\t\t\t\t<\/div>\n\t\t\t\t\t<\/div>\n\t\t<\/div>\n\t\t\t\t<div class=\"elementor-column elementor-col-50 elementor-top-column elementor-element elementor-element-5188048\" data-id=\"5188048\" data-element_type=\"column\" data-e-type=\"column\">\n\t\t\t<div class=\"elementor-widget-wrap elementor-element-populated\">\n\t\t\t\t\t\t<div class=\"elementor-element elementor-element-a84af17 elementor-position-top elementor-widget elementor-widget-image-box\" data-id=\"a84af17\" data-element_type=\"widget\" data-e-type=\"widget\" data-widget_type=\"image-box.default\">\n\t\t\t\t<div class=\"elementor-widget-container\">\n\t\t\t\t\t<div class=\"elementor-image-box-wrapper\"><figure class=\"elementor-image-box-img\"><img decoding=\"async\" src=\"https:\/\/canmatematik.com\/wp-content\/uploads\/elementor\/thumbs\/b5-qa4bzo4j3gsrm2hgandu1pnv7pz4qm9tx4on2a3za4.png\" title=\"b5\" alt=\"b5\" loading=\"lazy\" \/><\/figure><div class=\"elementor-image-box-content\"><h3 class=\"elementor-image-box-title\">ONL\u0130NE DERS\u0130N AVANTAJLARI NED\u0130R<\/h3><p class=\"elementor-image-box-description\">Butik dershane veya grup ders gibi bir durum olmad\u0131\u011f\u0131 ve dersler birebir oldu\u011fu i\u00e7in takip edilen tek bir \u00f6\u011frenci oluyor. Program , ders ak\u0131\u015f\u0131 , \u00f6\u011frenci analizi , ders sohbetleri vb. her \u015fey direkt \u00f6\u011frenciyle ilgili oluyor. Dersler online oldu\u011fu i\u00e7in bir kuruma yeti\u015fme gibi problem olmuyor. E\u011fitmenlerimiz derece \u00f6\u011frencileri oldu\u011fu i\u00e7in di\u011fer matematik d\u0131\u015f\u0131nda derslere nas\u0131l yakla\u015fman\u0131z gerekir bunlardan da bahsediyor \u00e7\u00fcnk\u00fc kendisi de \u00f6nceden bu yolun yolcular\u0131ndan biriydi. E\u011fitmen ya\u015f aral\u0131\u011f\u0131m\u0131z 19-25 aras\u0131 oldu\u011fu i\u00e7in b\u00fcy\u00fck X ve Y ku\u015fa\u011f\u0131na g\u00f6re  ileti\u015fimleri \u00e7ok daha sa\u011fl\u0131kl\u0131 ve g\u00fcncel oluyor.<\/p><\/div><\/div>\t\t\t\t<\/div>\n\t\t\t\t<\/div>\n\t\t\t\t\t<\/div>\n\t\t<\/div>\n\t\t\t\t\t<\/div>\n\t\t<\/section>\n\t\t\t\t<section class=\"elementor-section elementor-top-section elementor-element elementor-element-7ca4237 elementor-section-boxed elementor-section-height-default elementor-section-height-default\" data-id=\"7ca4237\" data-element_type=\"section\" data-e-type=\"section\">\n\t\t\t\t\t\t<div class=\"elementor-container elementor-column-gap-default\">\n\t\t\t\t\t<div class=\"elementor-column elementor-col-50 elementor-top-column elementor-element elementor-element-5ff790c\" data-id=\"5ff790c\" data-element_type=\"column\" data-e-type=\"column\">\n\t\t\t<div class=\"elementor-widget-wrap elementor-element-populated\">\n\t\t\t\t\t\t<div class=\"elementor-element elementor-element-b19614d elementor-position-top elementor-widget elementor-widget-image-box\" data-id=\"b19614d\" data-element_type=\"widget\" data-e-type=\"widget\" data-widget_type=\"image-box.default\">\n\t\t\t\t<div class=\"elementor-widget-container\">\n\t\t\t\t\t<div class=\"elementor-image-box-wrapper\"><figure class=\"elementor-image-box-img\"><img decoding=\"async\" src=\"https:\/\/canmatematik.com\/wp-content\/uploads\/elementor\/thumbs\/B6-qa4csd55qe2w1isxqjwtnyzg26jipz6u75n9hdkbbw.png\" title=\"B6\" alt=\"B6\" loading=\"lazy\" \/><\/figure><div class=\"elementor-image-box-content\"><h3 class=\"elementor-image-box-title\">DERS \u00d6DEMELER\u0130 <\/h3><p class=\"elementor-image-box-description\">\u00d6demeler se\u00e7ene\u011finize g\u00f6re haftal\u0131k ve ayl\u0131k olarak d\u00fczenlenir. T\u00fcm ders \u00f6demeleri pazar ya da pazartesi g\u00fcnleri ger\u00e7ekle\u015fir. \u00d6demelerinizi destek ekibimizden size iletilen ibana ya da size \u00f6zel olu\u015fturaca\u011f\u0131m\u0131z link y\u00f6ntemi ile banka kart\u0131 - kredi kart\u0131 ile ger\u00e7ekle\u015ftirebilirsiniz.<\/p><\/div><\/div>\t\t\t\t<\/div>\n\t\t\t\t<\/div>\n\t\t\t\t\t<\/div>\n\t\t<\/div>\n\t\t\t\t<div class=\"elementor-column elementor-col-50 elementor-top-column elementor-element elementor-element-19f27d9\" data-id=\"19f27d9\" data-element_type=\"column\" data-e-type=\"column\">\n\t\t\t<div class=\"elementor-widget-wrap\">\n\t\t\t\t\t\t\t<\/div>\n\t\t<\/div>\n\t\t\t\t\t<\/div>\n\t\t<\/section>\n\t\t\t\t<\/div>\n\t\t","protected":false},"excerpt":{"rendered":"<p>S\u00dcRE TUTMADAN \u0130\u015eLENEN DERS NED\u0130R ? Can Matematikte derslerin bir s\u00fcre s\u0131n\u0131r\u0131 yoktur. Dersler, \u00f6\u011frenci konuyu anlayana ve soru \u00e7\u00f6zmeye haz\u0131r hale gelene kadar devam eder. Dersin bitimine e\u011fitmen ve \u00f6\u011frenci beraber karar verir. T\u0131pk\u0131 telefon g\u00f6r\u00fc\u015fmelerinde oldu\u011fu gibi. Konu anla\u015f\u0131lm\u0131\u015f ve diyalog tamamlanm\u0131\u015f olur. Can Matematikte monolog , tek taraf\u0131n konu\u015ftu\u011fu dersler g\u00f6remezsiniz. Can [&hellip;]<\/p>\n","protected":false},"author":1,"featured_media":0,"parent":0,"menu_order":0,"comment_status":"closed","ping_status":"closed","template":"","meta":{"om_disable_all_campaigns":false,"inline_featured_image":false,"_monsterinsights_skip_tracking":false,"_monsterinsights_sitenote_active":false,"_monsterinsights_sitenote_note":"","_monsterinsights_sitenote_category":0,"footnotes":""},"class_list":["post-883","page","type-page","status-publish","hentry"],"yoast_head":"<!-- This site is optimized with the Yoast SEO plugin v22.7 - https:\/\/yoast.com\/wordpress\/plugins\/seo\/ -->\n<title>Akl\u0131n\u0131za Tak\u0131lanlar - Can Matematik<\/title>\n<meta name=\"description\" content=\"\u00d6zel derslerimiz online ve canl\u0131 olarak verilir.\u00d6\u011frencimiz i\u00e7in en uygun \u00f6\u011fretmenler belirlenir.Ortaokul ve Lise d\u00fczeyinde e\u011fitimler veririz.\" \/>\n<meta name=\"robots\" content=\"index, follow, max-snippet:-1, max-image-preview:large, max-video-preview:-1\" \/>\n<link rel=\"canonical\" href=\"https:\/\/canmatematik.com\/?page_id=883\" \/>\n<meta property=\"og:locale\" content=\"tr_TR\" \/>\n<meta property=\"og:type\" content=\"article\" \/>\n<meta property=\"og:title\" content=\"Akl\u0131n\u0131za Tak\u0131lanlar - Can Matematik\" \/>\n<meta property=\"og:description\" content=\"\u00d6zel derslerimiz online ve canl\u0131 olarak verilir.\u00d6\u011frencimiz i\u00e7in en uygun \u00f6\u011fretmenler belirlenir.Ortaokul ve Lise d\u00fczeyinde e\u011fitimler veririz.\" \/>\n<meta property=\"og:url\" content=\"https:\/\/canmatematik.com\/?page_id=883\" \/>\n<meta property=\"og:site_name\" content=\"Can Matematik\" \/>\n<meta property=\"article:modified_time\" content=\"2023-07-29T09:31:04+00:00\" \/>\n<meta property=\"og:image\" content=\"http:\/\/canmatematik.com\/wp-content\/uploads\/elementor\/thumbs\/saat-qa4arkj4gafgwojit34ykcabvxc6lu76uutjhxhx7g.png\" \/>\n<meta name=\"twitter:card\" content=\"summary_large_image\" \/>\n<meta name=\"twitter:label1\" content=\"Tahmini okuma s\u00fcresi\" \/>\n\t<meta name=\"twitter:data1\" content=\"4 dakika\" \/>\n<script type=\"application\/ld+json\" class=\"yoast-schema-graph\">{\"@context\":\"https:\/\/schema.org\",\"@graph\":[{\"@type\":\"WebPage\",\"@id\":\"https:\/\/canmatematik.com\/?page_id=883\",\"url\":\"https:\/\/canmatematik.com\/?page_id=883\",\"name\":\"Akl\u0131n\u0131za Tak\u0131lanlar - Can Matematik\",\"isPartOf\":{\"@id\":\"https:\/\/canmatematik.com\/#website\"},\"primaryImageOfPage\":{\"@id\":\"https:\/\/canmatematik.com\/?page_id=883#primaryimage\"},\"image\":{\"@id\":\"https:\/\/canmatematik.com\/?page_id=883#primaryimage\"},\"thumbnailUrl\":\"http:\/\/canmatematik.com\/wp-content\/uploads\/elementor\/thumbs\/saat-qa4arkj4gafgwojit34ykcabvxc6lu76uutjhxhx7g.png\",\"datePublished\":\"2023-04-22T14:37:03+00:00\",\"dateModified\":\"2023-07-29T09:31:04+00:00\",\"description\":\"\u00d6zel derslerimiz online ve canl\u0131 olarak verilir.\u00d6\u011frencimiz i\u00e7in en uygun \u00f6\u011fretmenler belirlenir.Ortaokul ve Lise d\u00fczeyinde e\u011fitimler veririz.\",\"breadcrumb\":{\"@id\":\"https:\/\/canmatematik.com\/?page_id=883#breadcrumb\"},\"inLanguage\":\"tr\",\"potentialAction\":[{\"@type\":\"ReadAction\",\"target\":[\"https:\/\/canmatematik.com\/?page_id=883\"]}]},{\"@type\":\"ImageObject\",\"inLanguage\":\"tr\",\"@id\":\"https:\/\/canmatematik.com\/?page_id=883#primaryimage\",\"url\":\"http:\/\/canmatematik.com\/wp-content\/uploads\/elementor\/thumbs\/saat-qa4arkj4gafgwojit34ykcabvxc6lu76uutjhxhx7g.png\",\"contentUrl\":\"http:\/\/canmatematik.com\/wp-content\/uploads\/elementor\/thumbs\/saat-qa4arkj4gafgwojit34ykcabvxc6lu76uutjhxhx7g.png\"},{\"@type\":\"BreadcrumbList\",\"@id\":\"https:\/\/canmatematik.com\/?page_id=883#breadcrumb\",\"itemListElement\":[{\"@type\":\"ListItem\",\"position\":1,\"name\":\"Anasayfa\",\"item\":\"https:\/\/canmatematik.com\/\"},{\"@type\":\"ListItem\",\"position\":2,\"name\":\"Akl\u0131n\u0131za Tak\u0131lanlar\"}]},{\"@type\":\"WebSite\",\"@id\":\"https:\/\/canmatematik.com\/#website\",\"url\":\"https:\/\/canmatematik.com\/\",\"name\":\"Can Matematik\",\"description\":\"\u00d6zel Hissettirir\",\"publisher\":{\"@id\":\"https:\/\/canmatematik.com\/#organization\"},\"potentialAction\":[{\"@type\":\"SearchAction\",\"target\":{\"@type\":\"EntryPoint\",\"urlTemplate\":\"https:\/\/canmatematik.com\/?s={search_term_string}\"},\"query-input\":\"required name=search_term_string\"}],\"inLanguage\":\"tr\"},{\"@type\":\"Organization\",\"@id\":\"https:\/\/canmatematik.com\/#organization\",\"name\":\"Can Matematik\",\"url\":\"https:\/\/canmatematik.com\/\",\"logo\":{\"@type\":\"ImageObject\",\"inLanguage\":\"tr\",\"@id\":\"https:\/\/canmatematik.com\/#\/schema\/logo\/image\/\",\"url\":\"http:\/\/canmatematik.com\/wp-content\/uploads\/2023\/04\/Can-Matematik-2.png\",\"contentUrl\":\"http:\/\/canmatematik.com\/wp-content\/uploads\/2023\/04\/Can-Matematik-2.png\",\"width\":500,\"height\":500,\"caption\":\"Can Matematik\"},\"image\":{\"@id\":\"https:\/\/canmatematik.com\/#\/schema\/logo\/image\/\"},\"sameAs\":[\"https:\/\/www.instagram.com\/yusufcmatematik\/\",\"https:\/\/www.tiktok.com\/@canmatematik\"]}]}<\/script>\n<!-- \/ Yoast SEO plugin. -->","yoast_head_json":{"title":"Akl\u0131n\u0131za Tak\u0131lanlar - Can Matematik","description":"\u00d6zel derslerimiz online ve canl\u0131 olarak verilir.\u00d6\u011frencimiz i\u00e7in en uygun \u00f6\u011fretmenler belirlenir.Ortaokul ve Lise d\u00fczeyinde e\u011fitimler veririz.","robots":{"index":"index","follow":"follow","max-snippet":"max-snippet:-1","max-image-preview":"max-image-preview:large","max-video-preview":"max-video-preview:-1"},"canonical":"https:\/\/canmatematik.com\/?page_id=883","og_locale":"tr_TR","og_type":"article","og_title":"Akl\u0131n\u0131za Tak\u0131lanlar - Can Matematik","og_description":"\u00d6zel derslerimiz online ve canl\u0131 olarak verilir.\u00d6\u011frencimiz i\u00e7in en uygun \u00f6\u011fretmenler belirlenir.Ortaokul ve Lise d\u00fczeyinde e\u011fitimler veririz.","og_url":"https:\/\/canmatematik.com\/?page_id=883","og_site_name":"Can Matematik","article_modified_time":"2023-07-29T09:31:04+00:00","og_image":[{"url":"http:\/\/canmatematik.com\/wp-content\/uploads\/elementor\/thumbs\/saat-qa4arkj4gafgwojit34ykcabvxc6lu76uutjhxhx7g.png"}],"twitter_card":"summary_large_image","twitter_misc":{"Tahmini okuma s\u00fcresi":"4 dakika"},"schema":{"@context":"https:\/\/schema.org","@graph":[{"@type":"WebPage","@id":"https:\/\/canmatematik.com\/?page_id=883","url":"https:\/\/canmatematik.com\/?page_id=883","name":"Akl\u0131n\u0131za Tak\u0131lanlar - Can Matematik","isPartOf":{"@id":"https:\/\/canmatematik.com\/#website"},"primaryImageOfPage":{"@id":"https:\/\/canmatematik.com\/?page_id=883#primaryimage"},"image":{"@id":"https:\/\/canmatematik.com\/?page_id=883#primaryimage"},"thumbnailUrl":"http:\/\/canmatematik.com\/wp-content\/uploads\/elementor\/thumbs\/saat-qa4arkj4gafgwojit34ykcabvxc6lu76uutjhxhx7g.png","datePublished":"2023-04-22T14:37:03+00:00","dateModified":"2023-07-29T09:31:04+00:00","description":"\u00d6zel derslerimiz online ve canl\u0131 olarak verilir.\u00d6\u011frencimiz i\u00e7in en uygun \u00f6\u011fretmenler belirlenir.Ortaokul ve Lise d\u00fczeyinde e\u011fitimler veririz.","breadcrumb":{"@id":"https:\/\/canmatematik.com\/?page_id=883#breadcrumb"},"inLanguage":"tr","potentialAction":[{"@type":"ReadAction","target":["https:\/\/canmatematik.com\/?page_id=883"]}]},{"@type":"ImageObject","inLanguage":"tr","@id":"https:\/\/canmatematik.com\/?page_id=883#primaryimage","url":"http:\/\/canmatematik.com\/wp-content\/uploads\/elementor\/thumbs\/saat-qa4arkj4gafgwojit34ykcabvxc6lu76uutjhxhx7g.png","contentUrl":"http:\/\/canmatematik.com\/wp-content\/uploads\/elementor\/thumbs\/saat-qa4arkj4gafgwojit34ykcabvxc6lu76uutjhxhx7g.png"},{"@type":"BreadcrumbList","@id":"https:\/\/canmatematik.com\/?page_id=883#breadcrumb","itemListElement":[{"@type":"ListItem","position":1,"name":"Anasayfa","item":"https:\/\/canmatematik.com\/"},{"@type":"ListItem","position":2,"name":"Akl\u0131n\u0131za Tak\u0131lanlar"}]},{"@type":"WebSite","@id":"https:\/\/canmatematik.com\/#website","url":"https:\/\/canmatematik.com\/","name":"Can Matematik","description":"\u00d6zel Hissettirir","publisher":{"@id":"https:\/\/canmatematik.com\/#organization"},"potentialAction":[{"@type":"SearchAction","target":{"@type":"EntryPoint","urlTemplate":"https:\/\/canmatematik.com\/?s={search_term_string}"},"query-input":"required name=search_term_string"}],"inLanguage":"tr"},{"@type":"Organization","@id":"https:\/\/canmatematik.com\/#organization","name":"Can Matematik","url":"https:\/\/canmatematik.com\/","logo":{"@type":"ImageObject","inLanguage":"tr","@id":"https:\/\/canmatematik.com\/#\/schema\/logo\/image\/","url":"http:\/\/canmatematik.com\/wp-content\/uploads\/2023\/04\/Can-Matematik-2.png","contentUrl":"http:\/\/canmatematik.com\/wp-content\/uploads\/2023\/04\/Can-Matematik-2.png","width":500,"height":500,"caption":"Can Matematik"},"image":{"@id":"https:\/\/canmatematik.com\/#\/schema\/logo\/image\/"},"sameAs":["https:\/\/www.instagram.com\/yusufcmatematik\/","https:\/\/www.tiktok.com\/@canmatematik"]}]}},"jetpack_sharing_enabled":true,"_links":{"self":[{"href":"https:\/\/canmatematik.com\/index.php?rest_route=\/wp\/v2\/pages\/883","targetHints":{"allow":["GET"]}}],"collection":[{"href":"https:\/\/canmatematik.com\/index.php?rest_route=\/wp\/v2\/pages"}],"about":[{"href":"https:\/\/canmatematik.com\/index.php?rest_route=\/wp\/v2\/types\/page"}],"author":[{"embeddable":true,"href":"https:\/\/canmatematik.com\/index.php?rest_route=\/wp\/v2\/users\/1"}],"replies":[{"embeddable":true,"href":"https:\/\/canmatematik.com\/index.php?rest_route=%2Fwp%2Fv2%2Fcomments&post=883"}],"version-history":[{"count":21,"href":"https:\/\/canmatematik.com\/index.php?rest_route=\/wp\/v2\/pages\/883\/revisions"}],"predecessor-version":[{"id":1354,"href":"https:\/\/canmatematik.com\/index.php?rest_route=\/wp\/v2\/pages\/883\/revisions\/1354"}],"wp:attachment":[{"href":"https:\/\/canmatematik.com\/index.php?rest_route=%2Fwp%2Fv2%2Fmedia&parent=883"}],"curies":[{"name":"wp","href":"https:\/\/api.w.org\/{rel}","templated":true}]}}